{"id":144,"date":"2020-10-29T12:38:20","date_gmt":"2020-10-29T11:38:20","guid":{"rendered":"http:\/\/narloch-buildings.de\/?page_id=144"},"modified":"2021-03-11T14:57:38","modified_gmt":"2021-03-11T13:57:38","slug":"kommunalbau","status":"publish","type":"page","link":"https:\/\/narloch-buildings.de\/?page_id=144","title":{"rendered":"Kommunalbau"},"content":{"rendered":"\n<p class=\"has-drop-cap\">Im Bereich des Kommunalbaues erstreckt sich das Bet\u00e4tigungsfeld von der Sanierung \u00f6ffentlicher Geb\u00e4ude wie Schulen, Rath\u00e4user und sonstigen \u00f6ffentlichen Bauten.<\/p>\n\n\n\n<p><\/p>\n\n\n\n<figure class=\"wp-block-gallery columns-3 is-cropped wp-block-gallery-1 is-layout-flex\"><ul class=\"blocks-gallery-grid\"><li class=\"blocks-gallery-item\"><figure><img decoding=\"async\" loading=\"lazy\" width=\"1024\" height=\"768\" src=\"http:\/\/narloch-buildings.de\/wp-content\/uploads\/2020\/10\/Grundschule-Rippberg-1024x768.jpg\" alt=\"\" data-id=\"150\" data-full-url=\"http:\/\/narloch-buildings.de\/wp-content\/uploads\/2020\/10\/Grundschule-Rippberg-scaled.jpg\" data-link=\"http:\/\/narloch-buildings.de\/?attachment_id=150\" class=\"wp-image-150\" srcset=\"https:\/\/narloch-buildings.de\/wp-content\/uploads\/2020\/10\/Grundschule-Rippberg-1024x768.jpg 1024w, https:\/\/narloch-buildings.de\/wp-content\/uploads\/2020\/10\/Grundschule-Rippberg-300x225.jpg 300w, https:\/\/narloch-buildings.de\/wp-content\/uploads\/2020\/10\/Grundschule-Rippberg-768x576.jpg 768w, https:\/\/narloch-buildings.de\/wp-content\/uploads\/2020\/10\/Grundschule-Rippberg-1536x1152.jpg 1536w, https:\/\/narloch-buildings.de\/wp-content\/uploads\/2020\/10\/Grundschule-Rippberg-2048x1536.jpg 2048w\" sizes=\"(max-width: 706px) 89vw, (max-width: 767px) 82vw, 740px\" \/><figcaption class=\"blocks-gallery-item__caption\">Grundschule Rippberg<\/figcaption><\/figure><\/li><li class=\"blocks-gallery-item\"><figure><img decoding=\"async\" loading=\"lazy\" width=\"1024\" height=\"768\" src=\"http:\/\/narloch-buildings.de\/wp-content\/uploads\/2020\/10\/St.-Anna-Kapelle-1024x768.jpg\" alt=\"\" data-id=\"148\" data-full-url=\"http:\/\/narloch-buildings.de\/wp-content\/uploads\/2020\/10\/St.-Anna-Kapelle-scaled.jpg\" data-link=\"http:\/\/narloch-buildings.de\/?attachment_id=148\" class=\"wp-image-148\" srcset=\"https:\/\/narloch-buildings.de\/wp-content\/uploads\/2020\/10\/St.-Anna-Kapelle-1024x768.jpg 1024w, https:\/\/narloch-buildings.de\/wp-content\/uploads\/2020\/10\/St.-Anna-Kapelle-300x225.jpg 300w, https:\/\/narloch-buildings.de\/wp-content\/uploads\/2020\/10\/St.-Anna-Kapelle-768x576.jpg 768w, https:\/\/narloch-buildings.de\/wp-content\/uploads\/2020\/10\/St.-Anna-Kapelle-1536x1152.jpg 1536w, https:\/\/narloch-buildings.de\/wp-content\/uploads\/2020\/10\/St.-Anna-Kapelle-2048x1536.jpg 2048w\" sizes=\"(max-width: 706px) 89vw, (max-width: 767px) 82vw, 740px\" \/><figcaption class=\"blocks-gallery-item__caption\">St. Anna Kapelle<\/figcaption><\/figure><\/li><li class=\"blocks-gallery-item\"><figure><img decoding=\"async\" loading=\"lazy\" width=\"1024\" height=\"768\" src=\"http:\/\/narloch-buildings.de\/wp-content\/uploads\/2021\/03\/Pfarrscheune-1024x768.jpg\" alt=\"\" data-id=\"165\" data-full-url=\"http:\/\/narloch-buildings.de\/wp-content\/uploads\/2021\/03\/Pfarrscheune-scaled.jpg\" data-link=\"http:\/\/narloch-buildings.de\/?attachment_id=165\" class=\"wp-image-165\" srcset=\"https:\/\/narloch-buildings.de\/wp-content\/uploads\/2021\/03\/Pfarrscheune-1024x768.jpg 1024w, https:\/\/narloch-buildings.de\/wp-content\/uploads\/2021\/03\/Pfarrscheune-300x225.jpg 300w, https:\/\/narloch-buildings.de\/wp-content\/uploads\/2021\/03\/Pfarrscheune-768x576.jpg 768w, https:\/\/narloch-buildings.de\/wp-content\/uploads\/2021\/03\/Pfarrscheune-1536x1152.jpg 1536w, https:\/\/narloch-buildings.de\/wp-content\/uploads\/2021\/03\/Pfarrscheune-2048x1536.jpg 2048w\" sizes=\"(max-width: 706px) 89vw, (max-width: 767px) 82vw, 740px\" \/><figcaption class=\"blocks-gallery-item__caption\">Pfaarrscheune Hainstadt<\/figcaption><\/figure><\/li><li class=\"blocks-gallery-item\"><figure><img decoding=\"async\" loading=\"lazy\" width=\"1024\" height=\"683\" src=\"http:\/\/narloch-buildings.de\/wp-content\/uploads\/2021\/03\/Rathaus-Wallduern-1024x683.jpg\" alt=\"\" data-id=\"175\" data-full-url=\"http:\/\/narloch-buildings.de\/wp-content\/uploads\/2021\/03\/Rathaus-Wallduern-scaled.jpg\" data-link=\"http:\/\/narloch-buildings.de\/?attachment_id=175\" class=\"wp-image-175\" srcset=\"https:\/\/narloch-buildings.de\/wp-content\/uploads\/2021\/03\/Rathaus-Wallduern-1024x683.jpg 1024w, https:\/\/narloch-buildings.de\/wp-content\/uploads\/2021\/03\/Rathaus-Wallduern-300x200.jpg 300w, https:\/\/narloch-buildings.de\/wp-content\/uploads\/2021\/03\/Rathaus-Wallduern-768x512.jpg 768w, https:\/\/narloch-buildings.de\/wp-content\/uploads\/2021\/03\/Rathaus-Wallduern-1536x1024.jpg 1536w, https:\/\/narloch-buildings.de\/wp-content\/uploads\/2021\/03\/Rathaus-Wallduern-2048x1365.jpg 2048w\" sizes=\"(max-width: 706px) 89vw, (max-width: 767px) 82vw, 740px\" \/><figcaption class=\"blocks-gallery-item__caption\">Rathaus Walld\u00fcrn<\/figcaption><\/figure><\/li><\/ul><\/figure>\n\n\n\n<div class=\"wp-block-buttons is-layout-flex\">\n<div class=\"wp-block-button\"><a class=\"wp-block-button__link\" href=\"http:\/\/narloch-buildings.de\/?page_id=19\"><span style=\"color:#fbcb66\" class=\"has-inline-color\">&lt;- Zur\u00fcck<\/span><\/a><\/div>\n<\/div>\n\n\n\n<p><\/p>\n","protected":false},"excerpt":{"rendered":"<p>Im Bereich des Kommunalbaues erstreckt sich das Bet\u00e4tigungsfeld von der Sanierung \u00f6ffentlicher Geb\u00e4ude wie Schulen, Rath\u00e4user und sonstigen \u00f6ffentlichen Bauten.<\/p>\n","protected":false},"author":1,"featured_media":0,"parent":0,"menu_order":0,"comment_status":"closed","ping_status":"closed","template":"","meta":[],"_links":{"self":[{"href":"https:\/\/narloch-buildings.de\/index.php?rest_route=\/wp\/v2\/pages\/144"}],"collection":[{"href":"https:\/\/narloch-buildings.de\/index.php?rest_route=\/wp\/v2\/pages"}],"about":[{"href":"https:\/\/narloch-buildings.de\/index.php?rest_route=\/wp\/v2\/types\/page"}],"author":[{"embeddable":true,"href":"https:\/\/narloch-buildings.de\/index.php?rest_route=\/wp\/v2\/users\/1"}],"replies":[{"embeddable":true,"href":"https:\/\/narloch-buildings.de\/index.php?rest_route=%2Fwp%2Fv2%2Fcomments&post=144"}],"version-history":[{"count":15,"href":"https:\/\/narloch-buildings.de\/index.php?rest_route=\/wp\/v2\/pages\/144\/revisions"}],"predecessor-version":[{"id":223,"href":"https:\/\/narloch-buildings.de\/index.php?rest_route=\/wp\/v2\/pages\/144\/revisions\/223"}],"wp:attachment":[{"href":"https:\/\/narloch-buildings.de\/index.php?rest_route=%2Fwp%2Fv2%2Fmedia&parent=144"}],"curies":[{"name":"wp","href":"https:\/\/api.w.org\/{rel}","templated":true}]}}