{"id":121,"date":"2020-10-27T16:33:57","date_gmt":"2020-10-27T15:33:57","guid":{"rendered":"http:\/\/narloch-buildings.de\/?page_id=121"},"modified":"2021-07-19T11:31:36","modified_gmt":"2021-07-19T09:31:36","slug":"industriebau","status":"publish","type":"page","link":"https:\/\/narloch-buildings.de\/?page_id=121","title":{"rendered":"Industriebau"},"content":{"rendered":"\n<p class=\"has-drop-cap\">Eine weitere S\u00e4ule in unserem T\u00e4tigkeitsbereich ist der Industriebau mit unterschiedlichen Ausf\u00fchrungen in Holz,- Stahl- oder Stahlbetonbauweise.<\/p>\n\n\n\n<p><\/p>\n\n\n\n<p><\/p>\n\n\n\n<figure class=\"wp-block-gallery columns-3 is-cropped wp-block-gallery-1 is-layout-flex\"><ul class=\"blocks-gallery-grid\"><li class=\"blocks-gallery-item\"><figure><img decoding=\"async\" loading=\"lazy\" width=\"1024\" height=\"768\" src=\"http:\/\/narloch-buildings.de\/wp-content\/uploads\/2020\/10\/05_IMG_5465-1024x768.jpg\" alt=\"Autohaus R\u00fcttiger\" data-id=\"233\" data-full-url=\"http:\/\/narloch-buildings.de\/wp-content\/uploads\/2020\/10\/05_IMG_5465-scaled.jpg\" data-link=\"https:\/\/narloch-buildings.de\/?attachment_id=233\" class=\"wp-image-233\" srcset=\"https:\/\/narloch-buildings.de\/wp-content\/uploads\/2020\/10\/05_IMG_5465-1024x768.jpg 1024w, https:\/\/narloch-buildings.de\/wp-content\/uploads\/2020\/10\/05_IMG_5465-300x225.jpg 300w, https:\/\/narloch-buildings.de\/wp-content\/uploads\/2020\/10\/05_IMG_5465-768x576.jpg 768w, https:\/\/narloch-buildings.de\/wp-content\/uploads\/2020\/10\/05_IMG_5465-1536x1152.jpg 1536w, https:\/\/narloch-buildings.de\/wp-content\/uploads\/2020\/10\/05_IMG_5465-2048x1536.jpg 2048w\" sizes=\"(max-width: 706px) 89vw, (max-width: 767px) 82vw, 740px\" \/><figcaption class=\"blocks-gallery-item__caption\">Autohaus R\u00fcttiger<\/figcaption><\/figure><\/li><li class=\"blocks-gallery-item\"><figure><img decoding=\"async\" loading=\"lazy\" width=\"1024\" height=\"768\" src=\"http:\/\/narloch-buildings.de\/wp-content\/uploads\/2020\/10\/09_IMG_5467-1024x768.jpg\" alt=\"Autohaus Schmitt\" data-id=\"234\" data-full-url=\"http:\/\/narloch-buildings.de\/wp-content\/uploads\/2020\/10\/09_IMG_5467-scaled.jpg\" data-link=\"https:\/\/narloch-buildings.de\/?attachment_id=234\" class=\"wp-image-234\" srcset=\"https:\/\/narloch-buildings.de\/wp-content\/uploads\/2020\/10\/09_IMG_5467-1024x768.jpg 1024w, https:\/\/narloch-buildings.de\/wp-content\/uploads\/2020\/10\/09_IMG_5467-300x225.jpg 300w, https:\/\/narloch-buildings.de\/wp-content\/uploads\/2020\/10\/09_IMG_5467-768x576.jpg 768w, https:\/\/narloch-buildings.de\/wp-content\/uploads\/2020\/10\/09_IMG_5467-1536x1152.jpg 1536w, https:\/\/narloch-buildings.de\/wp-content\/uploads\/2020\/10\/09_IMG_5467-2048x1536.jpg 2048w\" sizes=\"(max-width: 706px) 89vw, (max-width: 767px) 82vw, 740px\" \/><figcaption class=\"blocks-gallery-item__caption\">Autohaus Schmitt<\/figcaption><\/figure><\/li><li class=\"blocks-gallery-item\"><figure><img decoding=\"async\" loading=\"lazy\" width=\"768\" height=\"1024\" src=\"http:\/\/narloch-buildings.de\/wp-content\/uploads\/2020\/10\/13_IMG_5469-768x1024.jpg\" alt=\"Autohaus Schmitt\" data-id=\"235\" data-full-url=\"http:\/\/narloch-buildings.de\/wp-content\/uploads\/2020\/10\/13_IMG_5469-scaled.jpg\" data-link=\"https:\/\/narloch-buildings.de\/?attachment_id=235\" class=\"wp-image-235\" srcset=\"https:\/\/narloch-buildings.de\/wp-content\/uploads\/2020\/10\/13_IMG_5469-768x1024.jpg 768w, https:\/\/narloch-buildings.de\/wp-content\/uploads\/2020\/10\/13_IMG_5469-225x300.jpg 225w, https:\/\/narloch-buildings.de\/wp-content\/uploads\/2020\/10\/13_IMG_5469-1152x1536.jpg 1152w, https:\/\/narloch-buildings.de\/wp-content\/uploads\/2020\/10\/13_IMG_5469-1536x2048.jpg 1536w, https:\/\/narloch-buildings.de\/wp-content\/uploads\/2020\/10\/13_IMG_5469-scaled.jpg 1920w\" sizes=\"(max-width: 706px) 89vw, (max-width: 767px) 82vw, 740px\" \/><figcaption class=\"blocks-gallery-item__caption\">Autohaus Schmitt<\/figcaption><\/figure><\/li><\/ul><figcaption class=\"blocks-gallery-caption\"><strong><em>Autoh\u00e4user<\/em><\/strong><\/figcaption><\/figure>\n\n\n\n<p><\/p>\n\n\n\n<p><\/p>\n\n\n\n<figure class=\"wp-block-gallery columns-1 is-cropped wp-block-gallery-3 is-layout-flex\"><ul class=\"blocks-gallery-grid\"><li class=\"blocks-gallery-item\"><figure><img decoding=\"async\" loading=\"lazy\" width=\"1024\" height=\"768\" src=\"http:\/\/narloch-buildings.de\/wp-content\/uploads\/2021\/03\/Forum-Seitenbacher-1024x768.jpg\" alt=\"\" data-id=\"179\" data-full-url=\"http:\/\/narloch-buildings.de\/wp-content\/uploads\/2021\/03\/Forum-Seitenbacher-scaled.jpg\" data-link=\"http:\/\/narloch-buildings.de\/?attachment_id=179\" class=\"wp-image-179\" srcset=\"https:\/\/narloch-buildings.de\/wp-content\/uploads\/2021\/03\/Forum-Seitenbacher-1024x768.jpg 1024w, https:\/\/narloch-buildings.de\/wp-content\/uploads\/2021\/03\/Forum-Seitenbacher-300x225.jpg 300w, https:\/\/narloch-buildings.de\/wp-content\/uploads\/2021\/03\/Forum-Seitenbacher-768x576.jpg 768w, https:\/\/narloch-buildings.de\/wp-content\/uploads\/2021\/03\/Forum-Seitenbacher-1536x1152.jpg 1536w, https:\/\/narloch-buildings.de\/wp-content\/uploads\/2021\/03\/Forum-Seitenbacher-2048x1536.jpg 2048w\" sizes=\"(max-width: 706px) 89vw, (max-width: 767px) 82vw, 740px\" \/><figcaption class=\"blocks-gallery-item__caption\">Forum Seitenbacher<\/figcaption><\/figure><\/li><li class=\"blocks-gallery-item\"><figure><img decoding=\"async\" loading=\"lazy\" width=\"1024\" height=\"768\" src=\"http:\/\/narloch-buildings.de\/wp-content\/uploads\/2020\/10\/Seitenbacher-1024x768.jpg\" alt=\"\" data-id=\"99\" data-full-url=\"http:\/\/narloch-buildings.de\/wp-content\/uploads\/2020\/10\/Seitenbacher-scaled.jpg\" data-link=\"http:\/\/narloch-buildings.de\/?attachment_id=99\" class=\"wp-image-99\" srcset=\"https:\/\/narloch-buildings.de\/wp-content\/uploads\/2020\/10\/Seitenbacher-1024x768.jpg 1024w, https:\/\/narloch-buildings.de\/wp-content\/uploads\/2020\/10\/Seitenbacher-300x225.jpg 300w, https:\/\/narloch-buildings.de\/wp-content\/uploads\/2020\/10\/Seitenbacher-768x576.jpg 768w, https:\/\/narloch-buildings.de\/wp-content\/uploads\/2020\/10\/Seitenbacher-1536x1152.jpg 1536w, https:\/\/narloch-buildings.de\/wp-content\/uploads\/2020\/10\/Seitenbacher-2048x1536.jpg 2048w\" sizes=\"(max-width: 706px) 89vw, (max-width: 767px) 82vw, 740px\" \/><figcaption class=\"blocks-gallery-item__caption\">\u00d6lm\u00fchle Seitenbacher<\/figcaption><\/figure><\/li><li class=\"blocks-gallery-item\"><figure><img decoding=\"async\" loading=\"lazy\" width=\"1024\" height=\"768\" src=\"http:\/\/narloch-buildings.de\/wp-content\/uploads\/2020\/10\/cropped-IMG_2749-1024x768.jpg\" alt=\"\" data-id=\"39\" data-full-url=\"http:\/\/narloch-buildings.de\/wp-content\/uploads\/2020\/10\/cropped-IMG_2749.jpg\" data-link=\"http:\/\/narloch-buildings.de\/?attachment_id=39\" class=\"wp-image-39\" srcset=\"https:\/\/narloch-buildings.de\/wp-content\/uploads\/2020\/10\/cropped-IMG_2749-1024x768.jpg 1024w, https:\/\/narloch-buildings.de\/wp-content\/uploads\/2020\/10\/cropped-IMG_2749-300x225.jpg 300w, https:\/\/narloch-buildings.de\/wp-content\/uploads\/2020\/10\/cropped-IMG_2749-768x576.jpg 768w, https:\/\/narloch-buildings.de\/wp-content\/uploads\/2020\/10\/cropped-IMG_2749-1536x1152.jpg 1536w, https:\/\/narloch-buildings.de\/wp-content\/uploads\/2020\/10\/cropped-IMG_2749.jpg 2000w\" sizes=\"(max-width: 706px) 89vw, (max-width: 767px) 82vw, 740px\" \/><figcaption class=\"blocks-gallery-item__caption\">Technologiehaus Linz<\/figcaption><\/figure><\/li><\/ul><\/figure>\n\n\n\n<div class=\"wp-block-buttons is-layout-flex\">\n<div class=\"wp-block-button is-style-fill\"><a class=\"wp-block-button__link has-text-color\" href=\"http:\/\/narloch-buildings.de\/?page_id=19\" style=\"color:#fbcb66\">&lt;- Zur\u00fcck<\/a><\/div>\n<\/div>\n\n\n\n<p><\/p>\n","protected":false},"excerpt":{"rendered":"<p>Eine weitere S\u00e4ule in unserem T\u00e4tigkeitsbereich ist der Industriebau mit unterschiedlichen Ausf\u00fchrungen in Holz,- Stahl- oder Stahlbetonbauweise.<\/p>\n","protected":false},"author":1,"featured_media":0,"parent":0,"menu_order":0,"comment_status":"closed","ping_status":"closed","template":"","meta":[],"_links":{"self":[{"href":"https:\/\/narloch-buildings.de\/index.php?rest_route=\/wp\/v2\/pages\/121"}],"collection":[{"href":"https:\/\/narloch-buildings.de\/index.php?rest_route=\/wp\/v2\/pages"}],"about":[{"href":"https:\/\/narloch-buildings.de\/index.php?rest_route=\/wp\/v2\/types\/page"}],"author":[{"embeddable":true,"href":"https:\/\/narloch-buildings.de\/index.php?rest_route=\/wp\/v2\/users\/1"}],"replies":[{"embeddable":true,"href":"https:\/\/narloch-buildings.de\/index.php?rest_route=%2Fwp%2Fv2%2Fcomments&post=121"}],"version-history":[{"count":10,"href":"https:\/\/narloch-buildings.de\/index.php?rest_route=\/wp\/v2\/pages\/121\/revisions"}],"predecessor-version":[{"id":241,"href":"https:\/\/narloch-buildings.de\/index.php?rest_route=\/wp\/v2\/pages\/121\/revisions\/241"}],"wp:attachment":[{"href":"https:\/\/narloch-buildings.de\/index.php?rest_route=%2Fwp%2Fv2%2Fmedia&parent=121"}],"curies":[{"name":"wp","href":"https:\/\/api.w.org\/{rel}","templated":true}]}}