{"id":118,"date":"2020-10-27T16:32:47","date_gmt":"2020-10-27T15:32:47","guid":{"rendered":"http:\/\/narloch-buildings.de\/?page_id=118"},"modified":"2021-03-11T14:59:29","modified_gmt":"2021-03-11T13:59:29","slug":"landwirtschaftliches-bauen","status":"publish","type":"page","link":"https:\/\/narloch-buildings.de\/?page_id=118","title":{"rendered":"Landwirtschaftliches Bauen"},"content":{"rendered":"\n<p class=\"has-drop-cap\">Zum Schwerpunkt unserer Arbeit z\u00e4hlen auch Neu,- und Erweiterungsbauten landwirtschaftlicher Betriebe aller Art und Gr\u00f6\u00dfe.<\/p>\n\n\n\n<p><\/p>\n\n\n\n<figure class=\"wp-block-gallery columns-2 is-cropped wp-block-gallery-1 is-layout-flex\"><ul class=\"blocks-gallery-grid\"><li class=\"blocks-gallery-item\"><figure><img decoding=\"async\" loading=\"lazy\" width=\"1024\" height=\"768\" src=\"http:\/\/narloch-buildings.de\/wp-content\/uploads\/2021\/03\/IMG_2595-1024x768.jpg\" alt=\"\" data-id=\"183\" data-full-url=\"http:\/\/narloch-buildings.de\/wp-content\/uploads\/2021\/03\/IMG_2595-scaled.jpg\" data-link=\"http:\/\/narloch-buildings.de\/?attachment_id=183\" class=\"wp-image-183\" srcset=\"https:\/\/narloch-buildings.de\/wp-content\/uploads\/2021\/03\/IMG_2595-1024x768.jpg 1024w, https:\/\/narloch-buildings.de\/wp-content\/uploads\/2021\/03\/IMG_2595-300x225.jpg 300w, https:\/\/narloch-buildings.de\/wp-content\/uploads\/2021\/03\/IMG_2595-768x576.jpg 768w, https:\/\/narloch-buildings.de\/wp-content\/uploads\/2021\/03\/IMG_2595-1536x1152.jpg 1536w, https:\/\/narloch-buildings.de\/wp-content\/uploads\/2021\/03\/IMG_2595-2048x1536.jpg 2048w\" sizes=\"(max-width: 706px) 89vw, (max-width: 767px) 82vw, 740px\" \/><figcaption class=\"blocks-gallery-item__caption\">Scheunenausbau<\/figcaption><\/figure><\/li><li class=\"blocks-gallery-item\"><figure><img decoding=\"async\" loading=\"lazy\" width=\"1024\" height=\"768\" src=\"http:\/\/narloch-buildings.de\/wp-content\/uploads\/2020\/10\/IMG_3017-1024x768.jpg\" alt=\"\" data-id=\"33\" data-full-url=\"http:\/\/narloch-buildings.de\/wp-content\/uploads\/2020\/10\/IMG_3017.jpg\" data-link=\"http:\/\/narloch-buildings.de\/?attachment_id=33\" class=\"wp-image-33\" srcset=\"https:\/\/narloch-buildings.de\/wp-content\/uploads\/2020\/10\/IMG_3017-1024x768.jpg 1024w, https:\/\/narloch-buildings.de\/wp-content\/uploads\/2020\/10\/IMG_3017-300x225.jpg 300w, https:\/\/narloch-buildings.de\/wp-content\/uploads\/2020\/10\/IMG_3017-768x576.jpg 768w, https:\/\/narloch-buildings.de\/wp-content\/uploads\/2020\/10\/IMG_3017-1536x1152.jpg 1536w, https:\/\/narloch-buildings.de\/wp-content\/uploads\/2020\/10\/IMG_3017.jpg 2016w\" sizes=\"(max-width: 706px) 89vw, (max-width: 767px) 82vw, 740px\" \/><figcaption class=\"blocks-gallery-item__caption\">Stallungen<\/figcaption><\/figure><\/li><\/ul><\/figure>\n\n\n\n<div class=\"wp-block-buttons is-layout-flex\">\n<div class=\"wp-block-button\"><a class=\"wp-block-button__link\" href=\"http:\/\/narloch-buildings.de\/?page_id=19\"><span style=\"color:#fbcb66\" class=\"has-inline-color\">&lt;- Zur\u00fcck<\/span><\/a><\/div>\n<\/div>\n\n\n\n<p><\/p>\n","protected":false},"excerpt":{"rendered":"<p>Zum Schwerpunkt unserer Arbeit z\u00e4hlen auch Neu,- und Erweiterungsbauten landwirtschaftlicher Betriebe aller Art und Gr\u00f6\u00dfe.<\/p>\n","protected":false},"author":1,"featured_media":0,"parent":0,"menu_order":0,"comment_status":"closed","ping_status":"closed","template":"","meta":[],"_links":{"self":[{"href":"https:\/\/narloch-buildings.de\/index.php?rest_route=\/wp\/v2\/pages\/118"}],"collection":[{"href":"https:\/\/narloch-buildings.de\/index.php?rest_route=\/wp\/v2\/pages"}],"about":[{"href":"https:\/\/narloch-buildings.de\/index.php?rest_route=\/wp\/v2\/types\/page"}],"author":[{"embeddable":true,"href":"https:\/\/narloch-buildings.de\/index.php?rest_route=\/wp\/v2\/users\/1"}],"replies":[{"embeddable":true,"href":"https:\/\/narloch-buildings.de\/index.php?rest_route=%2Fwp%2Fv2%2Fcomments&post=118"}],"version-history":[{"count":9,"href":"https:\/\/narloch-buildings.de\/index.php?rest_route=\/wp\/v2\/pages\/118\/revisions"}],"predecessor-version":[{"id":225,"href":"https:\/\/narloch-buildings.de\/index.php?rest_route=\/wp\/v2\/pages\/118\/revisions\/225"}],"wp:attachment":[{"href":"https:\/\/narloch-buildings.de\/index.php?rest_route=%2Fwp%2Fv2%2Fmedia&parent=118"}],"curies":[{"name":"wp","href":"https:\/\/api.w.org\/{rel}","templated":true}]}}