{"id":111,"date":"2020-10-27T16:22:22","date_gmt":"2020-10-27T15:22:22","guid":{"rendered":"http:\/\/narloch-buildings.de\/?page_id=111"},"modified":"2021-03-11T15:00:59","modified_gmt":"2021-03-11T14:00:59","slug":"staedtebau","status":"publish","type":"page","link":"https:\/\/narloch-buildings.de\/?page_id=111","title":{"rendered":"St\u00e4dtebau"},"content":{"rendered":"\n<p class=\"has-drop-cap\">Im St\u00e4dtebau liegen vielf\u00e4ltige Aufgabenbereiche mit interessanten Herausforderungen bei der Wohnhaussanierung, der Sanierung von Fachwerksh\u00e4usern und denkmalgesch\u00fctzten Geb\u00e4uden.<\/p>\n\n\n\n<div class=\"wp-block-buttons is-layout-flex\">\n<div class=\"wp-block-button\"><a class=\"wp-block-button__link\" href=\"http:\/\/narloch-buildings.de\/?page_id=19\"><span style=\"color:#fbcb66\" class=\"has-inline-color\">&lt;- Zur\u00fcck<\/span><\/a><\/div>\n<\/div>\n\n\n\n<p><\/p>\n","protected":false},"excerpt":{"rendered":"<p>Im St\u00e4dtebau liegen vielf\u00e4ltige Aufgabenbereiche mit interessanten Herausforderungen bei der Wohnhaussanierung, der Sanierung von Fachwerksh\u00e4usern und denkmalgesch\u00fctzten Geb\u00e4uden.<\/p>\n","protected":false},"author":1,"featured_media":0,"parent":0,"menu_order":0,"comment_status":"closed","ping_status":"closed","template":"","meta":[],"_links":{"self":[{"href":"https:\/\/narloch-buildings.de\/index.php?rest_route=\/wp\/v2\/pages\/111"}],"collection":[{"href":"https:\/\/narloch-buildings.de\/index.php?rest_route=\/wp\/v2\/pages"}],"about":[{"href":"https:\/\/narloch-buildings.de\/index.php?rest_route=\/wp\/v2\/types\/page"}],"author":[{"embeddable":true,"href":"https:\/\/narloch-buildings.de\/index.php?rest_route=\/wp\/v2\/users\/1"}],"replies":[{"embeddable":true,"href":"https:\/\/narloch-buildings.de\/index.php?rest_route=%2Fwp%2Fv2%2Fcomments&post=111"}],"version-history":[{"count":7,"href":"https:\/\/narloch-buildings.de\/index.php?rest_route=\/wp\/v2\/pages\/111\/revisions"}],"predecessor-version":[{"id":227,"href":"https:\/\/narloch-buildings.de\/index.php?rest_route=\/wp\/v2\/pages\/111\/revisions\/227"}],"wp:attachment":[{"href":"https:\/\/narloch-buildings.de\/index.php?rest_route=%2Fwp%2Fv2%2Fmedia&parent=111"}],"curies":[{"name":"wp","href":"https:\/\/api.w.org\/{rel}","templated":true}]}}